{"id":55,"date":"2024-06-10T23:53:43","date_gmt":"2024-06-11T05:53:43","guid":{"rendered":"https:\/\/chikomegallery.com.mx\/?page_id=55"},"modified":"2025-01-31T17:49:16","modified_gmt":"2025-01-31T23:49:16","slug":"artist-statement","status":"publish","type":"page","link":"https:\/\/chikomegallery.com.mx\/en\/artist-statement\/","title":{"rendered":"Artist Statement"},"content":{"rendered":"<p>[et_pb_section fb_built=\u00bb1&#8243; _builder_version=\u00bb4.25.1&#8243; _module_preset=\u00bbdefault\u00bb global_colors_info=\u00bb{}\u00bb][et_pb_row _builder_version=\u00bb4.25.1&#8243; _module_preset=\u00bbdefault\u00bb global_colors_info=\u00bb{}\u00bb][et_pb_column type=\u00bb4_4&#8243; _builder_version=\u00bb4.25.1&#8243; _module_preset=\u00bbdefault\u00bb global_colors_info=\u00bb{}\u00bb][et_pb_text _builder_version=\u00bb4.25.2&#8243; _dynamic_attributes=\u00bbcontent\u00bb _module_preset=\u00bbdefault\u00bb header_font=\u00bb|300||on|||||\u00bb header_text_align=\u00bbcenter\u00bb header_font_size=\u00bb50px\u00bb header_font_size_tablet=\u00bb50px\u00bb header_font_size_phone=\u00bb38px\u00bb header_font_size_last_edited=\u00bbon|phone\u00bb global_colors_info=\u00bb{}\u00bb]@ET-DC@eyJkeW5hbWljIjp0cnVlLCJjb250ZW50IjoicG9zdF90aXRsZSIsInNldHRpbmdzIjp7ImJlZm9yZSI6IjxoMT4iLCJhZnRlciI6IjwvaDE+In19@[\/et_pb_text][\/et_pb_column][\/et_pb_row][et_pb_row column_structure=\u00bb1_3,2_3&#8243; make_equal=\u00bbon\u00bb _builder_version=\u00bb4.26.1&#8243; _module_preset=\u00bbdefault\u00bb global_colors_info=\u00bb{}\u00bb][et_pb_column type=\u00bb1_3&#8243; _builder_version=\u00bb4.25.1&#8243; _module_preset=\u00bbdefault\u00bb global_colors_info=\u00bb{}\u00bb][et_pb_image src=\u00bbhttps:\/\/chikomegallery.com.mx\/wp-content\/uploads\/2024\/07\/Statement-Erika-Zorrilla.webp\u00bb alt=\u00bbArtist Statement Erika Zorrilla Chikome Gallery\u00bb _builder_version=\u00bb4.25.2&#8243; _module_preset=\u00bbdefault\u00bb scroll_vertical_motion=\u00bb0|57|57|100|4|0|-4&#8243; global_colors_info=\u00bb{}\u00bb][\/et_pb_image][\/et_pb_column][et_pb_column type=\u00bb2_3&#8243; _builder_version=\u00bb4.26.1&#8243; _module_preset=\u00bbdefault\u00bb custom_css_main_element=\u00bbmargin: auto;\u00bb global_colors_info=\u00bb{}\u00bb][et_pb_text _builder_version=\u00bb4.27.0&#8243; _module_preset=\u00bbdefault\u00bb text_font=\u00bb|300|||||||\u00bb text_text_color=\u00bb#000000&#8243; text_font_size=\u00bb20px\u00bb text_orientation=\u00bbjustified\u00bb hover_enabled=\u00bb0&#8243; text_font_size_tablet=\u00bb18px\u00bb text_font_size_phone=\u00bb18px\u00bb text_font_size_last_edited=\u00bbon|desktop\u00bb global_colors_info=\u00bb{}\u00bb sticky_enabled=\u00bb0&#8243;]<\/p>\n<p><span class=\"OYPEnA font-feature-liga-off font-feature-clig-off font-feature-calt-off text-decoration-none text-strikethrough-none\">Mi obra esta inspirada en la interacci\u00f3n entre lo visible y lo intangible. A trav\u00e9s de formas abstractas y figurativas experimento la conexi\u00f3n entre la mente y las emociones que generan nuestra esencia como seres humanos.<\/span><\/p>\n<p class=\"cvGsUA direction-ltr align-justify para-style-body\"><span class=\"OYPEnA font-feature-liga-off font-feature-clig-off font-feature-calt-off text-decoration-none text-strikethrough-none\">La exploraci\u00f3n gr\u00e1fica esta inspirada en la naturaleza y el cuerpo, particularmente en el elemento del coraz\u00f3n, el cual representa la conexi\u00f3n m\u00e1s espiritual con nuestra alma.<\/span><span class=\"OYPEnA font-feature-liga-off font-feature-clig-off font-feature-calt-off text-decoration-none text-strikethrough-none white-space-prewrap\"> <\/span><\/p>\n<p class=\"cvGsUA direction-ltr align-justify para-style-body\"><span class=\"OYPEnA font-feature-liga-off font-feature-clig-off font-feature-calt-off text-decoration-none text-strikethrough-none\">Mis procesos t\u00e9cnicos combinan elementos de la pintura tradicional con una continua experimentaci\u00f3n, permitiendo que cada obra cobre vida con un lenguaje \u00fanico.<\/span><\/p>\n<p class=\"cvGsUA direction-ltr align-justify para-style-body\"><span class=\"OYPEnA font-feature-liga-off font-feature-clig-off font-feature-calt-off text-decoration-none text-strikethrough-none\">Las influencias en mi obra provienen de los colores y formas de la naturaleza. El acto de crear para mi es una forma de trasmutar y expresar lo invisible.<\/span><\/p>\n<p class=\"cvGsUA direction-ltr align-justify para-style-body\"><span class=\"OYPEnA font-feature-liga-off font-feature-clig-off font-feature-calt-off text-decoration-none text-strikethrough-none\">Cada pieza es una invitaci\u00f3n al espectador a detenerse y mirar profundamente hacia adentro, para reconectar con lo esencial.<\/span><\/p>\n<p>[\/et_pb_text][\/et_pb_column][\/et_pb_row][\/et_pb_section]<\/p>","protected":false},"excerpt":{"rendered":"<p>Mi obra esta inspirada en la interacci\u00f3n entre lo visible y lo intangible. A trav\u00e9s de formas abstractas y figurativas experimento la conexi\u00f3n entre la mente y las emociones que generan nuestra esencia como seres humanos. La exploraci\u00f3n gr\u00e1fica esta inspirada en la naturaleza y el cuerpo, particularmente en el elemento del coraz\u00f3n, el cual [&hellip;]<\/p>","protected":false},"author":1,"featured_media":0,"parent":0,"menu_order":0,"comment_status":"closed","ping_status":"closed","template":"","meta":{"_acf_changed":false,"_et_pb_use_builder":"on","_et_pb_old_content":"","_et_gb_content_width":"","footnotes":""},"class_list":["post-55","page","type-page","status-publish","hentry"],"acf":[],"yoast_head":"<!-- This site is optimized with the Yoast SEO plugin v24.5 - https:\/\/yoast.com\/wordpress\/plugins\/seo\/ -->\n<title>Artist Statement - Chikome Gallery<\/title>\n<meta name=\"robots\" content=\"index, follow, max-snippet:-1, max-image-preview:large, max-video-preview:-1\" \/>\n<link rel=\"canonical\" href=\"https:\/\/chikomegallery.com.mx\/en\/artist-statement\/\" \/>\n<meta property=\"og:locale\" content=\"en_US\" \/>\n<meta property=\"og:type\" content=\"article\" \/>\n<meta property=\"og:title\" content=\"Artist Statement - Chikome Gallery\" \/>\n<meta property=\"og:description\" content=\"Mi obra esta inspirada en la interacci\u00f3n entre lo visible y lo intangible. A trav\u00e9s de formas abstractas y figurativas experimento la conexi\u00f3n entre la mente y las emociones que generan nuestra esencia como seres humanos. La exploraci\u00f3n gr\u00e1fica esta inspirada en la naturaleza y el cuerpo, particularmente en el elemento del coraz\u00f3n, el cual [&hellip;]\" \/>\n<meta property=\"og:url\" content=\"https:\/\/chikomegallery.com.mx\/en\/artist-statement\/\" \/>\n<meta property=\"og:site_name\" content=\"Chikome Gallery\" \/>\n<meta property=\"article:publisher\" content=\"https:\/\/www.facebook.com\/profile.php?id=100078508981958\" \/>\n<meta property=\"article:modified_time\" content=\"2025-01-31T23:49:16+00:00\" \/>\n<meta name=\"twitter:card\" content=\"summary_large_image\" \/>\n<meta name=\"twitter:label1\" content=\"Est. reading time\" \/>\n\t<meta name=\"twitter:data1\" content=\"2 minutes\" \/>\n<script type=\"application\/ld+json\" class=\"yoast-schema-graph\">{\"@context\":\"https:\/\/schema.org\",\"@graph\":[{\"@type\":\"WebPage\",\"@id\":\"https:\/\/chikomegallery.com.mx\/artist-statement\/\",\"url\":\"https:\/\/chikomegallery.com.mx\/artist-statement\/\",\"name\":\"Artist Statement - Chikome Gallery\",\"isPartOf\":{\"@id\":\"https:\/\/chikomegallery.com.mx\/#website\"},\"datePublished\":\"2024-06-11T05:53:43+00:00\",\"dateModified\":\"2025-01-31T23:49:16+00:00\",\"breadcrumb\":{\"@id\":\"https:\/\/chikomegallery.com.mx\/artist-statement\/#breadcrumb\"},\"inLanguage\":\"en-US\",\"potentialAction\":[{\"@type\":\"ReadAction\",\"target\":[\"https:\/\/chikomegallery.com.mx\/artist-statement\/\"]}]},{\"@type\":\"BreadcrumbList\",\"@id\":\"https:\/\/chikomegallery.com.mx\/artist-statement\/#breadcrumb\",\"itemListElement\":[{\"@type\":\"ListItem\",\"position\":1,\"name\":\"Portada\",\"item\":\"https:\/\/chikomegallery.com.mx\/\"},{\"@type\":\"ListItem\",\"position\":2,\"name\":\"Artist Statement\"}]},{\"@type\":\"WebSite\",\"@id\":\"https:\/\/chikomegallery.com.mx\/#website\",\"url\":\"https:\/\/chikomegallery.com.mx\/\",\"name\":\"Chikome Gallery\",\"description\":\"\",\"publisher\":{\"@id\":\"https:\/\/chikomegallery.com.mx\/#organization\"},\"potentialAction\":[{\"@type\":\"SearchAction\",\"target\":{\"@type\":\"EntryPoint\",\"urlTemplate\":\"https:\/\/chikomegallery.com.mx\/?s={search_term_string}\"},\"query-input\":{\"@type\":\"PropertyValueSpecification\",\"valueRequired\":true,\"valueName\":\"search_term_string\"}}],\"inLanguage\":\"en-US\"},{\"@type\":\"Organization\",\"@id\":\"https:\/\/chikomegallery.com.mx\/#organization\",\"name\":\"Chikome Gallery\",\"url\":\"https:\/\/chikomegallery.com.mx\/\",\"logo\":{\"@type\":\"ImageObject\",\"inLanguage\":\"en-US\",\"@id\":\"https:\/\/chikomegallery.com.mx\/#\/schema\/logo\/image\/\",\"url\":\"https:\/\/chikomegallery.com.mx\/wp-content\/uploads\/2024\/06\/favicon-color.webp\",\"contentUrl\":\"https:\/\/chikomegallery.com.mx\/wp-content\/uploads\/2024\/06\/favicon-color.webp\",\"width\":839,\"height\":839,\"caption\":\"Chikome Gallery\"},\"image\":{\"@id\":\"https:\/\/chikomegallery.com.mx\/#\/schema\/logo\/image\/\"},\"sameAs\":[\"https:\/\/www.facebook.com\/profile.php?id=100078508981958\",\"https:\/\/www.instagram.com\/chikomegaleria\/\",\"https:\/\/www.tiktok.com\/@chikomegaleria\",\"https:\/\/www.pinterest.com.mx\/chikomegaleria\/\",\"https:\/\/www.youtube.com\/@ChikomeGaleria\"]}]}<\/script>\n<!-- \/ Yoast SEO plugin. -->","yoast_head_json":{"title":"Artist Statement - Chikome Gallery","robots":{"index":"index","follow":"follow","max-snippet":"max-snippet:-1","max-image-preview":"max-image-preview:large","max-video-preview":"max-video-preview:-1"},"canonical":"https:\/\/chikomegallery.com.mx\/en\/artist-statement\/","og_locale":"en_US","og_type":"article","og_title":"Artist Statement - Chikome Gallery","og_description":"Mi obra esta inspirada en la interacci\u00f3n entre lo visible y lo intangible. A trav\u00e9s de formas abstractas y figurativas experimento la conexi\u00f3n entre la mente y las emociones que generan nuestra esencia como seres humanos. La exploraci\u00f3n gr\u00e1fica esta inspirada en la naturaleza y el cuerpo, particularmente en el elemento del coraz\u00f3n, el cual [&hellip;]","og_url":"https:\/\/chikomegallery.com.mx\/en\/artist-statement\/","og_site_name":"Chikome Gallery","article_publisher":"https:\/\/www.facebook.com\/profile.php?id=100078508981958","article_modified_time":"2025-01-31T23:49:16+00:00","twitter_card":"summary_large_image","twitter_misc":{"Est. reading time":"2 minutes"},"schema":{"@context":"https:\/\/schema.org","@graph":[{"@type":"WebPage","@id":"https:\/\/chikomegallery.com.mx\/artist-statement\/","url":"https:\/\/chikomegallery.com.mx\/artist-statement\/","name":"Artist Statement - Chikome Gallery","isPartOf":{"@id":"https:\/\/chikomegallery.com.mx\/#website"},"datePublished":"2024-06-11T05:53:43+00:00","dateModified":"2025-01-31T23:49:16+00:00","breadcrumb":{"@id":"https:\/\/chikomegallery.com.mx\/artist-statement\/#breadcrumb"},"inLanguage":"en-US","potentialAction":[{"@type":"ReadAction","target":["https:\/\/chikomegallery.com.mx\/artist-statement\/"]}]},{"@type":"BreadcrumbList","@id":"https:\/\/chikomegallery.com.mx\/artist-statement\/#breadcrumb","itemListElement":[{"@type":"ListItem","position":1,"name":"Portada","item":"https:\/\/chikomegallery.com.mx\/"},{"@type":"ListItem","position":2,"name":"Artist Statement"}]},{"@type":"WebSite","@id":"https:\/\/chikomegallery.com.mx\/#website","url":"https:\/\/chikomegallery.com.mx\/","name":"Chikome Gallery","description":"","publisher":{"@id":"https:\/\/chikomegallery.com.mx\/#organization"},"potentialAction":[{"@type":"SearchAction","target":{"@type":"EntryPoint","urlTemplate":"https:\/\/chikomegallery.com.mx\/?s={search_term_string}"},"query-input":{"@type":"PropertyValueSpecification","valueRequired":true,"valueName":"search_term_string"}}],"inLanguage":"en-US"},{"@type":"Organization","@id":"https:\/\/chikomegallery.com.mx\/#organization","name":"Chikome Gallery","url":"https:\/\/chikomegallery.com.mx\/","logo":{"@type":"ImageObject","inLanguage":"en-US","@id":"https:\/\/chikomegallery.com.mx\/#\/schema\/logo\/image\/","url":"https:\/\/chikomegallery.com.mx\/wp-content\/uploads\/2024\/06\/favicon-color.webp","contentUrl":"https:\/\/chikomegallery.com.mx\/wp-content\/uploads\/2024\/06\/favicon-color.webp","width":839,"height":839,"caption":"Chikome Gallery"},"image":{"@id":"https:\/\/chikomegallery.com.mx\/#\/schema\/logo\/image\/"},"sameAs":["https:\/\/www.facebook.com\/profile.php?id=100078508981958","https:\/\/www.instagram.com\/chikomegaleria\/","https:\/\/www.tiktok.com\/@chikomegaleria","https:\/\/www.pinterest.com.mx\/chikomegaleria\/","https:\/\/www.youtube.com\/@ChikomeGaleria"]}]}},"_links":{"self":[{"href":"https:\/\/chikomegallery.com.mx\/en\/wp-json\/wp\/v2\/pages\/55","targetHints":{"allow":["GET"]}}],"collection":[{"href":"https:\/\/chikomegallery.com.mx\/en\/wp-json\/wp\/v2\/pages"}],"about":[{"href":"https:\/\/chikomegallery.com.mx\/en\/wp-json\/wp\/v2\/types\/page"}],"author":[{"embeddable":true,"href":"https:\/\/chikomegallery.com.mx\/en\/wp-json\/wp\/v2\/users\/1"}],"replies":[{"embeddable":true,"href":"https:\/\/chikomegallery.com.mx\/en\/wp-json\/wp\/v2\/comments?post=55"}],"version-history":[{"count":10,"href":"https:\/\/chikomegallery.com.mx\/en\/wp-json\/wp\/v2\/pages\/55\/revisions"}],"predecessor-version":[{"id":837,"href":"https:\/\/chikomegallery.com.mx\/en\/wp-json\/wp\/v2\/pages\/55\/revisions\/837"}],"wp:attachment":[{"href":"https:\/\/chikomegallery.com.mx\/en\/wp-json\/wp\/v2\/media?parent=55"}],"curies":[{"name":"wp","href":"https:\/\/api.w.org\/{rel}","templated":true}]}}