{"id":49,"date":"2024-06-10T23:40:13","date_gmt":"2024-06-11T05:40:13","guid":{"rendered":"https:\/\/chikomegallery.com.mx\/?page_id=49"},"modified":"2024-07-14T16:57:41","modified_gmt":"2024-07-14T22:57:41","slug":"semblanza","status":"publish","type":"page","link":"https:\/\/chikomegallery.com.mx\/en\/semblanza\/","title":{"rendered":"About Me"},"content":{"rendered":"<p>[et_pb_section fb_built=\u00bb1&#8243; _builder_version=\u00bb4.25.1&#8243; _module_preset=\u00bbdefault\u00bb global_colors_info=\u00bb{}\u00bb][et_pb_row _builder_version=\u00bb4.25.1&#8243; _module_preset=\u00bbdefault\u00bb global_colors_info=\u00bb{}\u00bb][et_pb_column type=\u00bb4_4&#8243; _builder_version=\u00bb4.25.1&#8243; _module_preset=\u00bbdefault\u00bb global_colors_info=\u00bb{}\u00bb][et_pb_text _builder_version=\u00bb4.25.2&#8243; _dynamic_attributes=\u00bbcontent\u00bb _module_preset=\u00bbdefault\u00bb header_font=\u00bb|300||on|||||\u00bb header_text_align=\u00bbcenter\u00bb header_font_size=\u00bb50px\u00bb hover_enabled=\u00bb0&#8243; header_font_size_tablet=\u00bb50px\u00bb header_font_size_phone=\u00bb38px\u00bb header_font_size_last_edited=\u00bbon|phone\u00bb global_colors_info=\u00bb{}\u00bb sticky_enabled=\u00bb0&#8243;]@ET-DC@eyJkeW5hbWljIjp0cnVlLCJjb250ZW50IjoicG9zdF90aXRsZSIsInNldHRpbmdzIjp7ImJlZm9yZSI6IjxoMT4iLCJhZnRlciI6IjwvaDE+In19@[\/et_pb_text][\/et_pb_column][\/et_pb_row][et_pb_row column_structure=\u00bb2_5,3_5&#8243; _builder_version=\u00bb4.25.1&#8243; _module_preset=\u00bbdefault\u00bb global_colors_info=\u00bb{}\u00bb][et_pb_column type=\u00bb2_5&#8243; _builder_version=\u00bb4.25.1&#8243; _module_preset=\u00bbdefault\u00bb global_colors_info=\u00bb{}\u00bb][et_pb_image src=\u00bbhttps:\/\/chikomegallery.com.mx\/wp-content\/uploads\/2024\/07\/Semblanza-Erika-Zorrilla.webp\u00bb alt=\u00bbSemblanza Erika Zorrilla Chikome Gallery\u00bb _builder_version=\u00bb4.25.2&#8243; _module_preset=\u00bbdefault\u00bb sticky_position=\u00bbtop\u00bb sticky_limit_top=\u00bbrow\u00bb sticky_limit_bottom=\u00bbrow\u00bb sticky_position_tablet=\u00bbnone\u00bb sticky_position_phone=\u00bbnone\u00bb sticky_position_last_edited=\u00bbon|tablet\u00bb sticky_limit_top_tablet=\u00bbrow\u00bb sticky_limit_top_phone=\u00bbnone\u00bb sticky_limit_top_last_edited=\u00bbon|phone\u00bb sticky_limit_bottom_tablet=\u00bbrow\u00bb sticky_limit_bottom_phone=\u00bbrow\u00bb sticky_limit_bottom_last_edited=\u00bbon|phone\u00bb sticky_offset_surrounding_tablet=\u00bboff\u00bb sticky_offset_surrounding_phone=\u00bboff\u00bb sticky_offset_surrounding_last_edited=\u00bbon|desktop\u00bb sticky_transition_tablet=\u00bboff\u00bb sticky_transition_phone=\u00bboff\u00bb sticky_transition_last_edited=\u00bbon|phone\u00bb global_colors_info=\u00bb{}\u00bb][\/et_pb_image][\/et_pb_column][et_pb_column type=\u00bb3_5&#8243; _builder_version=\u00bb4.25.1&#8243; _module_preset=\u00bbdefault\u00bb global_colors_info=\u00bb{}\u00bb][et_pb_text _builder_version=\u00bb4.25.1&#8243; _module_preset=\u00bbdefault\u00bb text_font=\u00bb|300|||||||\u00bb text_text_color=\u00bb#000000&#8243; text_font_size=\u00bb20px\u00bb text_orientation=\u00bbjustified\u00bb text_font_size_tablet=\u00bb18px\u00bb text_font_size_phone=\u00bb18px\u00bb text_font_size_last_edited=\u00bbon|desktop\u00bb global_colors_info=\u00bb{}\u00bb]<\/p>\n<p>Mexican painter, born in Tampico, Tamaulipas, has lived in Mexico City since 2003. Her interest in art began in her adolescence in a self-taught manner, later taking different workshops in scenography, photography, painting, drawing and artistic expression techniques; she also created some sculpture and painting pieces intermittently. She graduated with a degree in architecture from the Universidad Iberoamericana in the City of Puebla.<\/p>\n<p>In 2008 she designed the sculpture \"El Cu\u00e9lebre\", which was selected by the firm Sordo Madaleno Architects to be part of the main entrance of at Asturiano Sports Club reshuffle, located in the south of Mexico City. In 2019 she decided to formally return to painting and formed Chikome Galer\u00eda during the pandemic period.<\/p>\n<p>She has more than 20 collective exhibitions in galleries and museums within the Mexican Republic and abroad.<\/p>\n<p>In 2021, she was selected to represent Mexico at the AAmA No. 18 International Exhibition held at the Qingdao Art Museum of China, curated by Qi Luo, director of the China School of Art. The Academic Committee of the International Exhibition unanimously gave her the award for Multicultural Contribution on November 12, 2021.<\/p>\n<p>Her plastic work is multidisciplinary, exploring various painting and drawing techniques, as well as collage, photography, textile art, and sculpture. In her work, a constant dialogue with nature, color, and sensuality can be appreciated.<\/p>\n<p>[\/et_pb_text][\/et_pb_column][\/et_pb_row][\/et_pb_section]<\/p>","protected":false},"excerpt":{"rendered":"<p>Pintora mexicana, nacida en Tampico, Tamaulipas, que reside en CDMX desde 2003. Es Arquitecta egresada de la Universidad Iberoamericana de la Ciudad de Puebla. Se desarrolla profesionalmente en el \u00e1rea de dise\u00f1o y construcci\u00f3n desde el a\u00f1o 2000. Su inter\u00e9s en el Arte inicia desde su adolescencia de manera autodidacta, posteriormente cursa diferentes talleres de [&hellip;]<\/p>","protected":false},"author":1,"featured_media":0,"parent":0,"menu_order":0,"comment_status":"closed","ping_status":"closed","template":"","meta":{"_acf_changed":false,"_et_pb_use_builder":"on","_et_pb_old_content":"","_et_gb_content_width":"","footnotes":""},"class_list":["post-49","page","type-page","status-publish","hentry"],"acf":[],"yoast_head":"<!-- This site is optimized with the Yoast SEO plugin v24.5 - https:\/\/yoast.com\/wordpress\/plugins\/seo\/ -->\n<title>Semblanza - Chikome Gallery<\/title>\n<meta name=\"robots\" content=\"index, follow, max-snippet:-1, max-image-preview:large, max-video-preview:-1\" \/>\n<link rel=\"canonical\" href=\"https:\/\/chikomegallery.com.mx\/en\/semblanza\/\" \/>\n<meta property=\"og:locale\" content=\"en_US\" \/>\n<meta property=\"og:type\" content=\"article\" \/>\n<meta property=\"og:title\" content=\"Semblanza - Chikome Gallery\" \/>\n<meta property=\"og:description\" content=\"Pintora mexicana, nacida en Tampico, Tamaulipas, que reside en CDMX desde 2003. Es Arquitecta egresada de la Universidad Iberoamericana de la Ciudad de Puebla. Se desarrolla profesionalmente en el \u00e1rea de dise\u00f1o y construcci\u00f3n desde el a\u00f1o 2000. Su inter\u00e9s en el Arte inicia desde su adolescencia de manera autodidacta, posteriormente cursa diferentes talleres de [&hellip;]\" \/>\n<meta property=\"og:url\" content=\"https:\/\/chikomegallery.com.mx\/en\/semblanza\/\" \/>\n<meta property=\"og:site_name\" content=\"Chikome Gallery\" \/>\n<meta property=\"article:publisher\" content=\"https:\/\/www.facebook.com\/profile.php?id=100078508981958\" \/>\n<meta property=\"article:modified_time\" content=\"2024-07-14T22:57:41+00:00\" \/>\n<meta name=\"twitter:card\" content=\"summary_large_image\" \/>\n<meta name=\"twitter:label1\" content=\"Est. reading time\" \/>\n\t<meta name=\"twitter:data1\" content=\"3 minutes\" \/>\n<script type=\"application\/ld+json\" class=\"yoast-schema-graph\">{\"@context\":\"https:\/\/schema.org\",\"@graph\":[{\"@type\":\"WebPage\",\"@id\":\"https:\/\/chikomegallery.com.mx\/semblanza\/\",\"url\":\"https:\/\/chikomegallery.com.mx\/semblanza\/\",\"name\":\"Semblanza - Chikome Gallery\",\"isPartOf\":{\"@id\":\"https:\/\/chikomegallery.com.mx\/#website\"},\"datePublished\":\"2024-06-11T05:40:13+00:00\",\"dateModified\":\"2024-07-14T22:57:41+00:00\",\"breadcrumb\":{\"@id\":\"https:\/\/chikomegallery.com.mx\/semblanza\/#breadcrumb\"},\"inLanguage\":\"en-US\",\"potentialAction\":[{\"@type\":\"ReadAction\",\"target\":[\"https:\/\/chikomegallery.com.mx\/semblanza\/\"]}]},{\"@type\":\"BreadcrumbList\",\"@id\":\"https:\/\/chikomegallery.com.mx\/semblanza\/#breadcrumb\",\"itemListElement\":[{\"@type\":\"ListItem\",\"position\":1,\"name\":\"Portada\",\"item\":\"https:\/\/chikomegallery.com.mx\/\"},{\"@type\":\"ListItem\",\"position\":2,\"name\":\"Semblanza\"}]},{\"@type\":\"WebSite\",\"@id\":\"https:\/\/chikomegallery.com.mx\/#website\",\"url\":\"https:\/\/chikomegallery.com.mx\/\",\"name\":\"Chikome Gallery\",\"description\":\"\",\"publisher\":{\"@id\":\"https:\/\/chikomegallery.com.mx\/#organization\"},\"potentialAction\":[{\"@type\":\"SearchAction\",\"target\":{\"@type\":\"EntryPoint\",\"urlTemplate\":\"https:\/\/chikomegallery.com.mx\/?s={search_term_string}\"},\"query-input\":{\"@type\":\"PropertyValueSpecification\",\"valueRequired\":true,\"valueName\":\"search_term_string\"}}],\"inLanguage\":\"en-US\"},{\"@type\":\"Organization\",\"@id\":\"https:\/\/chikomegallery.com.mx\/#organization\",\"name\":\"Chikome Gallery\",\"url\":\"https:\/\/chikomegallery.com.mx\/\",\"logo\":{\"@type\":\"ImageObject\",\"inLanguage\":\"en-US\",\"@id\":\"https:\/\/chikomegallery.com.mx\/#\/schema\/logo\/image\/\",\"url\":\"https:\/\/chikomegallery.com.mx\/wp-content\/uploads\/2024\/06\/favicon-color.webp\",\"contentUrl\":\"https:\/\/chikomegallery.com.mx\/wp-content\/uploads\/2024\/06\/favicon-color.webp\",\"width\":839,\"height\":839,\"caption\":\"Chikome Gallery\"},\"image\":{\"@id\":\"https:\/\/chikomegallery.com.mx\/#\/schema\/logo\/image\/\"},\"sameAs\":[\"https:\/\/www.facebook.com\/profile.php?id=100078508981958\",\"https:\/\/www.instagram.com\/chikomegaleria\/\",\"https:\/\/www.tiktok.com\/@chikomegaleria\",\"https:\/\/www.pinterest.com.mx\/chikomegaleria\/\",\"https:\/\/www.youtube.com\/@ChikomeGaleria\"]}]}<\/script>\n<!-- \/ Yoast SEO plugin. -->","yoast_head_json":{"title":"Semblanza - Chikome Gallery","robots":{"index":"index","follow":"follow","max-snippet":"max-snippet:-1","max-image-preview":"max-image-preview:large","max-video-preview":"max-video-preview:-1"},"canonical":"https:\/\/chikomegallery.com.mx\/en\/semblanza\/","og_locale":"en_US","og_type":"article","og_title":"Semblanza - Chikome Gallery","og_description":"Pintora mexicana, nacida en Tampico, Tamaulipas, que reside en CDMX desde 2003. Es Arquitecta egresada de la Universidad Iberoamericana de la Ciudad de Puebla. Se desarrolla profesionalmente en el \u00e1rea de dise\u00f1o y construcci\u00f3n desde el a\u00f1o 2000. Su inter\u00e9s en el Arte inicia desde su adolescencia de manera autodidacta, posteriormente cursa diferentes talleres de [&hellip;]","og_url":"https:\/\/chikomegallery.com.mx\/en\/semblanza\/","og_site_name":"Chikome Gallery","article_publisher":"https:\/\/www.facebook.com\/profile.php?id=100078508981958","article_modified_time":"2024-07-14T22:57:41+00:00","twitter_card":"summary_large_image","twitter_misc":{"Est. reading time":"3 minutes"},"schema":{"@context":"https:\/\/schema.org","@graph":[{"@type":"WebPage","@id":"https:\/\/chikomegallery.com.mx\/semblanza\/","url":"https:\/\/chikomegallery.com.mx\/semblanza\/","name":"Semblanza - Chikome Gallery","isPartOf":{"@id":"https:\/\/chikomegallery.com.mx\/#website"},"datePublished":"2024-06-11T05:40:13+00:00","dateModified":"2024-07-14T22:57:41+00:00","breadcrumb":{"@id":"https:\/\/chikomegallery.com.mx\/semblanza\/#breadcrumb"},"inLanguage":"en-US","potentialAction":[{"@type":"ReadAction","target":["https:\/\/chikomegallery.com.mx\/semblanza\/"]}]},{"@type":"BreadcrumbList","@id":"https:\/\/chikomegallery.com.mx\/semblanza\/#breadcrumb","itemListElement":[{"@type":"ListItem","position":1,"name":"Portada","item":"https:\/\/chikomegallery.com.mx\/"},{"@type":"ListItem","position":2,"name":"Semblanza"}]},{"@type":"WebSite","@id":"https:\/\/chikomegallery.com.mx\/#website","url":"https:\/\/chikomegallery.com.mx\/","name":"Chikome Gallery","description":"","publisher":{"@id":"https:\/\/chikomegallery.com.mx\/#organization"},"potentialAction":[{"@type":"SearchAction","target":{"@type":"EntryPoint","urlTemplate":"https:\/\/chikomegallery.com.mx\/?s={search_term_string}"},"query-input":{"@type":"PropertyValueSpecification","valueRequired":true,"valueName":"search_term_string"}}],"inLanguage":"en-US"},{"@type":"Organization","@id":"https:\/\/chikomegallery.com.mx\/#organization","name":"Chikome Gallery","url":"https:\/\/chikomegallery.com.mx\/","logo":{"@type":"ImageObject","inLanguage":"en-US","@id":"https:\/\/chikomegallery.com.mx\/#\/schema\/logo\/image\/","url":"https:\/\/chikomegallery.com.mx\/wp-content\/uploads\/2024\/06\/favicon-color.webp","contentUrl":"https:\/\/chikomegallery.com.mx\/wp-content\/uploads\/2024\/06\/favicon-color.webp","width":839,"height":839,"caption":"Chikome Gallery"},"image":{"@id":"https:\/\/chikomegallery.com.mx\/#\/schema\/logo\/image\/"},"sameAs":["https:\/\/www.facebook.com\/profile.php?id=100078508981958","https:\/\/www.instagram.com\/chikomegaleria\/","https:\/\/www.tiktok.com\/@chikomegaleria","https:\/\/www.pinterest.com.mx\/chikomegaleria\/","https:\/\/www.youtube.com\/@ChikomeGaleria"]}]}},"_links":{"self":[{"href":"https:\/\/chikomegallery.com.mx\/en\/wp-json\/wp\/v2\/pages\/49","targetHints":{"allow":["GET"]}}],"collection":[{"href":"https:\/\/chikomegallery.com.mx\/en\/wp-json\/wp\/v2\/pages"}],"about":[{"href":"https:\/\/chikomegallery.com.mx\/en\/wp-json\/wp\/v2\/types\/page"}],"author":[{"embeddable":true,"href":"https:\/\/chikomegallery.com.mx\/en\/wp-json\/wp\/v2\/users\/1"}],"replies":[{"embeddable":true,"href":"https:\/\/chikomegallery.com.mx\/en\/wp-json\/wp\/v2\/comments?post=49"}],"version-history":[{"count":7,"href":"https:\/\/chikomegallery.com.mx\/en\/wp-json\/wp\/v2\/pages\/49\/revisions"}],"predecessor-version":[{"id":300,"href":"https:\/\/chikomegallery.com.mx\/en\/wp-json\/wp\/v2\/pages\/49\/revisions\/300"}],"wp:attachment":[{"href":"https:\/\/chikomegallery.com.mx\/en\/wp-json\/wp\/v2\/media?parent=49"}],"curies":[{"name":"wp","href":"https:\/\/api.w.org\/{rel}","templated":true}]}}